{"id":9,"date":"2010-02-09T19:13:46","date_gmt":"2010-02-09T18:13:46","guid":{"rendered":"http:\/\/www.echiquiertourangeau.org\/?page_id=9"},"modified":"2023-09-03T23:02:09","modified_gmt":"2023-09-03T22:02:09","slug":"tournoi","status":"publish","type":"page","link":"https:\/\/www.echiquiertourangeau.org\/?page_id=9","title":{"rendered":"Nos tournois"},"content":{"rendered":"\n<p><strong>Chaque ann\u00e9e l&rsquo;\u00e9chiquier tourangeau organise une vari\u00e9t\u00e9 tournois, allant du tournoi interne \u00e0 l&rsquo;international.<\/strong><br \/>Les formats peuvent \u00eatre blitz, rapide ou bien long. Les tournois Rapide et Festival international comportent un tournoi B avec une limite de elo. Alors, d\u00e9butants, lancez-vous !<\/p>\n\n\n\n<p>Un immense merci pr\u00e9alable \u00e0 celles et ceux qui rendent tous ces \u00e9v\u00e8nements possibles, arbitres, organisateurs, b\u00e9n\u00e9voles&#8230;<\/p>\n\n\n<ul class=\"wp-block-page-list\"><li class=\"wp-block-pages-list__item\"><a class=\"wp-block-pages-list__item__link\" href=\"https:\/\/www.echiquiertourangeau.org\/?page_id=30145\">Rapide de Tours<\/a><\/li><li class=\"wp-block-pages-list__item\"><a class=\"wp-block-pages-list__item__link\" href=\"https:\/\/www.echiquiertourangeau.org\/?page_id=30061\">Challenge Laborie<\/a><\/li><li class=\"wp-block-pages-list__item\"><a class=\"wp-block-pages-list__item__link\" href=\"https:\/\/www.echiquiertourangeau.org\/?page_id=30889\">Le Guy l\u2019\u00e9clair : Blitz<\/a><\/li><li class=\"wp-block-pages-list__item\"><a class=\"wp-block-pages-list__item__link\" href=\"https:\/\/www.echiquiertourangeau.org\/?page_id=29610\">Tournoi interne<\/a><\/li><li class=\"wp-block-pages-list__item\"><a class=\"wp-block-pages-list__item__link\" href=\"https:\/\/www.echiquiertourangeau.org\/?page_id=30823\">Tournoi V\u00e9t\u00e9rans et seniors plus (55 ans +)<\/a><\/li><li class=\"wp-block-pages-list__item\"><a class=\"wp-block-pages-list__item__link\" href=\"https:\/\/www.echiquiertourangeau.org\/?page_id=30114\">Festival international d&rsquo;\u00e9checs de Tours<\/a><\/li><\/ul>\n\n<figure style=\"aspect-ratio:3\/4;\" class=\"wp-block-post-featured-image\"><img loading=\"lazy\" decoding=\"async\" width=\"199\" height=\"300\" src=\"https:\/\/www.echiquiertourangeau.org\/wp-content\/uploads\/2023\/09\/Jb__illustration_for_a_chess_poster_by_Hieronymus_Bosch_6f4326d2-6b2a-4232-9d96-bba36fb30296-copie-199x300.jpg\" class=\"attachment-post-thumbnail size-post-thumbnail wp-post-image\" alt=\"\" style=\"width:100%;height:100%;object-fit:cover;\" srcset=\"https:\/\/www.echiquiertourangeau.org\/wp-content\/uploads\/2023\/09\/Jb__illustration_for_a_chess_poster_by_Hieronymus_Bosch_6f4326d2-6b2a-4232-9d96-bba36fb30296-copie-199x300.jpg 199w, https:\/\/www.echiquiertourangeau.org\/wp-content\/uploads\/2023\/09\/Jb__illustration_for_a_chess_poster_by_Hieronymus_Bosch_6f4326d2-6b2a-4232-9d96-bba36fb30296-copie-558x840.jpg 558w, https:\/\/www.echiquiertourangeau.org\/wp-content\/uploads\/2023\/09\/Jb__illustration_for_a_chess_poster_by_Hieronymus_Bosch_6f4326d2-6b2a-4232-9d96-bba36fb30296-copie-1361x2048.jpg 1361w, https:\/\/www.echiquiertourangeau.org\/wp-content\/uploads\/2023\/09\/Jb__illustration_for_a_chess_poster_by_Hieronymus_Bosch_6f4326d2-6b2a-4232-9d96-bba36fb30296-copie-768x1155.jpg 768w, https:\/\/www.echiquiertourangeau.org\/wp-content\/uploads\/2023\/09\/Jb__illustration_for_a_chess_poster_by_Hieronymus_Bosch_6f4326d2-6b2a-4232-9d96-bba36fb30296-copie-681x1024.jpg 681w, https:\/\/www.echiquiertourangeau.org\/wp-content\/uploads\/2023\/09\/Jb__illustration_for_a_chess_poster_by_Hieronymus_Bosch_6f4326d2-6b2a-4232-9d96-bba36fb30296-copie-1021x1536.jpg 1021w, https:\/\/www.echiquiertourangeau.org\/wp-content\/uploads\/2023\/09\/Jb__illustration_for_a_chess_poster_by_Hieronymus_Bosch_6f4326d2-6b2a-4232-9d96-bba36fb30296-copie-266x400.jpg 266w, https:\/\/www.echiquiertourangeau.org\/wp-content\/uploads\/2023\/09\/Jb__illustration_for_a_chess_poster_by_Hieronymus_Bosch_6f4326d2-6b2a-4232-9d96-bba36fb30296-copie-399x600.jpg 399w, https:\/\/www.echiquiertourangeau.org\/wp-content\/uploads\/2023\/09\/Jb__illustration_for_a_chess_poster_by_Hieronymus_Bosch_6f4326d2-6b2a-4232-9d96-bba36fb30296-copie-scaled.jpg 1702w\" sizes=\"auto, (max-width: 199px) 100vw, 199px\" \/><\/figure>","protected":false},"excerpt":{"rendered":"<p>Chaque ann\u00e9e l&rsquo;\u00e9chiquier tourangeau organise une vari\u00e9t\u00e9 tournois, allant du tournoi interne \u00e0 l&rsquo;international.Les formats peuvent \u00eatre blitz, rapide ou bien long. Les tournois Rapide &hellip;<\/p>\n","protected":false},"author":6,"featured_media":30139,"parent":0,"menu_order":4,"comment_status":"closed","ping_status":"open","template":"","meta":{"footnotes":""},"class_list":["post-9","page","type-page","status-publish","has-post-thumbnail","hentry"],"_links":{"self":[{"href":"https:\/\/www.echiquiertourangeau.org\/index.php?rest_route=\/wp\/v2\/pages\/9","targetHints":{"allow":["GET"]}}],"collection":[{"href":"https:\/\/www.echiquiertourangeau.org\/index.php?rest_route=\/wp\/v2\/pages"}],"about":[{"href":"https:\/\/www.echiquiertourangeau.org\/index.php?rest_route=\/wp\/v2\/types\/page"}],"author":[{"embeddable":true,"href":"https:\/\/www.echiquiertourangeau.org\/index.php?rest_route=\/wp\/v2\/users\/6"}],"replies":[{"embeddable":true,"href":"https:\/\/www.echiquiertourangeau.org\/index.php?rest_route=%2Fwp%2Fv2%2Fcomments&post=9"}],"version-history":[{"count":29,"href":"https:\/\/www.echiquiertourangeau.org\/index.php?rest_route=\/wp\/v2\/pages\/9\/revisions"}],"predecessor-version":[{"id":30172,"href":"https:\/\/www.echiquiertourangeau.org\/index.php?rest_route=\/wp\/v2\/pages\/9\/revisions\/30172"}],"wp:featuredmedia":[{"embeddable":true,"href":"https:\/\/www.echiquiertourangeau.org\/index.php?rest_route=\/wp\/v2\/media\/30139"}],"wp:attachment":[{"href":"https:\/\/www.echiquiertourangeau.org\/index.php?rest_route=%2Fwp%2Fv2%2Fmedia&parent=9"}],"curies":[{"name":"wp","href":"https:\/\/api.w.org\/{rel}","templated":true}]}}