{"id":31176,"date":"2025-09-21T19:16:11","date_gmt":"2025-09-21T18:16:11","guid":{"rendered":"https:\/\/www.echiquiertourangeau.org\/?page_id=31176"},"modified":"2025-09-27T09:27:34","modified_gmt":"2025-09-27T08:27:34","slug":"agenda","status":"publish","type":"page","link":"https:\/\/www.echiquiertourangeau.org\/?page_id=31176","title":{"rendered":"Agenda"},"content":{"rendered":"\n<p><strong>Ne manquez aucun rendez-vous ! Retrouvez ici les \u00e9v\u00e9nements \u00e0 venir de la FFE et voyez quels joueurs de l\u2019\u00c9chiquier Tourangeau seront pr\u00e9sents.<\/strong><\/p>\n\n\n\n<script type=\"module\" src=\"https:\/\/unpkg.com\/ffe-agenda-webcomponent\/dist\/ffe-agenda-webcomponent.js\"><\/script>\n <ffe-agenda-widget departements=\"[37,41,36,28]\" limit=\"40\" club=\"Echiquier Tourangeau\"><\/ffe-agenda-widget>\n","protected":false},"excerpt":{"rendered":"<p>Ne manquez aucun rendez-vous ! Retrouvez ici les \u00e9v\u00e9nements \u00e0 venir de la FFE et voyez quels joueurs de l\u2019\u00c9chiquier Tourangeau seront pr\u00e9sents.<\/p>\n","protected":false},"author":208,"featured_media":0,"parent":0,"menu_order":8,"comment_status":"closed","ping_status":"closed","template":"","meta":{"footnotes":""},"class_list":["post-31176","page","type-page","status-publish","hentry"],"_links":{"self":[{"href":"https:\/\/www.echiquiertourangeau.org\/index.php?rest_route=\/wp\/v2\/pages\/31176","targetHints":{"allow":["GET"]}}],"collection":[{"href":"https:\/\/www.echiquiertourangeau.org\/index.php?rest_route=\/wp\/v2\/pages"}],"about":[{"href":"https:\/\/www.echiquiertourangeau.org\/index.php?rest_route=\/wp\/v2\/types\/page"}],"author":[{"embeddable":true,"href":"https:\/\/www.echiquiertourangeau.org\/index.php?rest_route=\/wp\/v2\/users\/208"}],"replies":[{"embeddable":true,"href":"https:\/\/www.echiquiertourangeau.org\/index.php?rest_route=%2Fwp%2Fv2%2Fcomments&post=31176"}],"version-history":[{"count":8,"href":"https:\/\/www.echiquiertourangeau.org\/index.php?rest_route=\/wp\/v2\/pages\/31176\/revisions"}],"predecessor-version":[{"id":31200,"href":"https:\/\/www.echiquiertourangeau.org\/index.php?rest_route=\/wp\/v2\/pages\/31176\/revisions\/31200"}],"wp:attachment":[{"href":"https:\/\/www.echiquiertourangeau.org\/index.php?rest_route=%2Fwp%2Fv2%2Fmedia&parent=31176"}],"curies":[{"name":"wp","href":"https:\/\/api.w.org\/{rel}","templated":true}]}}