{"id":30823,"date":"2024-09-14T09:52:26","date_gmt":"2024-09-14T08:52:26","guid":{"rendered":"https:\/\/www.echiquiertourangeau.org\/?page_id=30823"},"modified":"2025-08-30T08:41:38","modified_gmt":"2025-08-30T07:41:38","slug":"tournoi-veterans-et-seniors-plus-55-ans","status":"publish","type":"page","link":"https:\/\/www.echiquiertourangeau.org\/?page_id=30823","title":{"rendered":"Tournoi V\u00e9t\u00e9rans et seniors plus (55 ans +)"},"content":{"rendered":"\n<p><strong>Le tournoi V\u00e9t\u00e9rans de l\u2019\u00e9chiquier tourangeau reviendra cette ann\u00e9e<\/strong>.&nbsp;<br \/><strong>Accessible \u00e0 partir de 55 ans, il sera constitu\u00e9 10 journ\u00e9es de 4 rondes, tout au long de l\u2019ann\u00e9e.<\/strong><\/p>\n\n\n\n<h2 class=\"wp-block-heading\"><strong>Les dates seront communiqu\u00e9es ult\u00e9rieurement.<br \/>Le paiement s&rsquo;effectuera sur place.<\/strong><\/h2>\n\n\n\n<ul class=\"wp-block-list\">\n<li><strong>Inscriptions sur place<\/strong><\/li>\n\n\n\n<li><strong>Tarifs :<\/strong><br \/>10 \u20ac les 10 journ\u00e9es de comp\u00e9tition<br \/>ou 2 \u20ac la journ\u00e9e de comp\u00e9tition (si absences)<\/li>\n\n\n\n<li><strong>Format :<\/strong>&nbsp;10 jours, 4 rondes \/ jour, 2 x 20 min (+10 sec)<\/li>\n\n\n\n<li><strong>Lieu :&nbsp;<\/strong>\u00c9chiquier Tourangeau, 3 rue Moli\u00e8re 37000 TOURS<\/li>\n\n\n\n<li><strong>Licence A ou B obligatoire<\/strong>, Tournoi homologu\u00e9 CVL-FFE, 55 ans ou +<\/li>\n\n\n\n<li><strong>Organisation et renseignements :<\/strong><br \/>Alain JOUVE, jouve.alain1@gmail.com<\/li>\n<\/ul>\n","protected":false},"excerpt":{"rendered":"<p>Le tournoi V\u00e9t\u00e9rans de l\u2019\u00e9chiquier tourangeau reviendra cette ann\u00e9e.&nbsp;Accessible \u00e0 partir de 55 ans, il sera constitu\u00e9 10 journ\u00e9es de 4 rondes, tout au long &hellip;<\/p>\n","protected":false},"author":208,"featured_media":30274,"parent":9,"menu_order":7,"comment_status":"closed","ping_status":"closed","template":"","meta":{"footnotes":""},"class_list":["post-30823","page","type-page","status-publish","has-post-thumbnail","hentry"],"_links":{"self":[{"href":"https:\/\/www.echiquiertourangeau.org\/index.php?rest_route=\/wp\/v2\/pages\/30823","targetHints":{"allow":["GET"]}}],"collection":[{"href":"https:\/\/www.echiquiertourangeau.org\/index.php?rest_route=\/wp\/v2\/pages"}],"about":[{"href":"https:\/\/www.echiquiertourangeau.org\/index.php?rest_route=\/wp\/v2\/types\/page"}],"author":[{"embeddable":true,"href":"https:\/\/www.echiquiertourangeau.org\/index.php?rest_route=\/wp\/v2\/users\/208"}],"replies":[{"embeddable":true,"href":"https:\/\/www.echiquiertourangeau.org\/index.php?rest_route=%2Fwp%2Fv2%2Fcomments&post=30823"}],"version-history":[{"count":2,"href":"https:\/\/www.echiquiertourangeau.org\/index.php?rest_route=\/wp\/v2\/pages\/30823\/revisions"}],"predecessor-version":[{"id":31104,"href":"https:\/\/www.echiquiertourangeau.org\/index.php?rest_route=\/wp\/v2\/pages\/30823\/revisions\/31104"}],"up":[{"embeddable":true,"href":"https:\/\/www.echiquiertourangeau.org\/index.php?rest_route=\/wp\/v2\/pages\/9"}],"wp:featuredmedia":[{"embeddable":true,"href":"https:\/\/www.echiquiertourangeau.org\/index.php?rest_route=\/wp\/v2\/media\/30274"}],"wp:attachment":[{"href":"https:\/\/www.echiquiertourangeau.org\/index.php?rest_route=%2Fwp%2Fv2%2Fmedia&parent=30823"}],"curies":[{"name":"wp","href":"https:\/\/api.w.org\/{rel}","templated":true}]}}