{"id":30123,"date":"2023-09-03T21:40:05","date_gmt":"2023-09-03T20:40:05","guid":{"rendered":"https:\/\/www.echiquiertourangeau.org\/?page_id=30123"},"modified":"2023-09-12T22:26:01","modified_gmt":"2023-09-12T21:26:01","slug":"le-lieu","status":"publish","type":"page","link":"https:\/\/www.echiquiertourangeau.org\/?page_id=30123","title":{"rendered":"Le lieu"},"content":{"rendered":"\n<p><strong>Situ\u00e9 en centre ville, 3 Rue Moli\u00e8re 37000 Tours, l&rsquo;\u00e9chiquier tourangeau poss\u00e8de deux salles r\u00e9serv\u00e9es au club, mises \u00e0 disposition par la ville de Tours.<br \/>La premi\u00e8re salle est d\u00e9di\u00e9e au jeu, la seconde aux cours et masterclass.<\/strong><br \/><br \/>Le club a subi une belle r\u00e9fection l&rsquo;\u00e9t\u00e9 2023, si vous connaissiez le club d&rsquo;avant, n&rsquo;h\u00e9sitez pas \u00e0 revenir nous voir.<br \/><\/p>\n\n\n\n<h2 class=\"wp-block-heading\">Venir au club<\/h2>\n\n\n\n<p>Adresse : <br \/>3 Rue Moli\u00e8re<br \/>37000 Tours<\/p>\n\n\n\n<p>\u2015<br \/>&#x1f449; <strong>Attention !<\/strong> l&rsquo;entr\u00e9e du club ne se situe pas au niveau de l&rsquo;entr\u00e9e de l&rsquo;\u00e9cole Moli\u00e8re, mais plus bas dans la rue, au croisement de la rue Moli\u00e8re et de la rue Rue Victor Luzarche (sur la gauche, si face au portail de l&rsquo;\u00e9cole).<\/p>\n\n\n\n<p>Tram et bus \u00e0 proximit\u00e9 (Place de la libert\u00e9)<\/p>\n\n\n\n<div class=\"wp-block-buttons is-layout-flex wp-block-buttons-is-layout-flex\">\n<div class=\"wp-block-button\"><a class=\"wp-block-button__link wp-element-button\" href=\"https:\/\/goo.gl\/maps\/Wwsh5BfpbqRgdfzA7\">Voir sur la carte<\/a><\/div>\n<\/div>\n\n\n\n<h2 class=\"wp-block-heading\">En images<\/h2>\n\n\n\n<p>Merci \u00e0 <strong>Fran\u00e7ois Bordarier<\/strong>, membre du club, pour ces photos prises lors du tournoi amical de la rentr\u00e9e septembre 2023.<\/p>\n\n\n\n<figure class=\"wp-block-gallery has-nested-images columns-1 wp-block-gallery-1 is-layout-flex wp-block-gallery-is-layout-flex\">\n<figure class=\"wp-block-image size-large\"><img loading=\"lazy\" decoding=\"async\" width=\"1024\" height=\"682\" data-id=\"30244\" src=\"https:\/\/www.echiquiertourangeau.org\/wp-content\/uploads\/2023\/09\/2023_09_02_echiquier_tourangeau6-1-1024x682.jpg\" alt=\"\" class=\"wp-image-30244\" srcset=\"https:\/\/www.echiquiertourangeau.org\/wp-content\/uploads\/2023\/09\/2023_09_02_echiquier_tourangeau6-1-1024x682.jpg 1024w, https:\/\/www.echiquiertourangeau.org\/wp-content\/uploads\/2023\/09\/2023_09_02_echiquier_tourangeau6-1-400x267.jpg 400w, https:\/\/www.echiquiertourangeau.org\/wp-content\/uploads\/2023\/09\/2023_09_02_echiquier_tourangeau6-1-768x512.jpg 768w, https:\/\/www.echiquiertourangeau.org\/wp-content\/uploads\/2023\/09\/2023_09_02_echiquier_tourangeau6-1-1536x1023.jpg 1536w, https:\/\/www.echiquiertourangeau.org\/wp-content\/uploads\/2023\/09\/2023_09_02_echiquier_tourangeau6-1-450x300.jpg 450w, https:\/\/www.echiquiertourangeau.org\/wp-content\/uploads\/2023\/09\/2023_09_02_echiquier_tourangeau6-1-375x250.jpg 375w, https:\/\/www.echiquiertourangeau.org\/wp-content\/uploads\/2023\/09\/2023_09_02_echiquier_tourangeau6-1.jpg 1600w\" sizes=\"auto, (max-width: 1024px) 100vw, 1024px\" \/><figcaption class=\"wp-element-caption\">\u00a9 Fran\u00e7ois Bordarier<\/figcaption><\/figure>\n\n\n\n<figure class=\"wp-block-image size-large\"><img loading=\"lazy\" decoding=\"async\" width=\"1024\" height=\"683\" data-id=\"30235\" src=\"https:\/\/www.echiquiertourangeau.org\/wp-content\/uploads\/2023\/09\/2023_09_02_echiquier_tourangeau16-1024x683.jpg\" alt=\"\" class=\"wp-image-30235\" srcset=\"https:\/\/www.echiquiertourangeau.org\/wp-content\/uploads\/2023\/09\/2023_09_02_echiquier_tourangeau16-1024x683.jpg 1024w, https:\/\/www.echiquiertourangeau.org\/wp-content\/uploads\/2023\/09\/2023_09_02_echiquier_tourangeau16-400x267.jpg 400w, https:\/\/www.echiquiertourangeau.org\/wp-content\/uploads\/2023\/09\/2023_09_02_echiquier_tourangeau16-768x512.jpg 768w, https:\/\/www.echiquiertourangeau.org\/wp-content\/uploads\/2023\/09\/2023_09_02_echiquier_tourangeau16-1536x1024.jpg 1536w, https:\/\/www.echiquiertourangeau.org\/wp-content\/uploads\/2023\/09\/2023_09_02_echiquier_tourangeau16-450x300.jpg 450w, https:\/\/www.echiquiertourangeau.org\/wp-content\/uploads\/2023\/09\/2023_09_02_echiquier_tourangeau16-375x250.jpg 375w, https:\/\/www.echiquiertourangeau.org\/wp-content\/uploads\/2023\/09\/2023_09_02_echiquier_tourangeau16.jpg 1600w\" sizes=\"auto, (max-width: 1024px) 100vw, 1024px\" \/><figcaption class=\"wp-element-caption\">\u00a9 Fran\u00e7ois Bordarier<\/figcaption><\/figure>\n\n\n\n<figure class=\"wp-block-image size-large\"><img loading=\"lazy\" decoding=\"async\" width=\"1024\" height=\"682\" data-id=\"30250\" src=\"https:\/\/www.echiquiertourangeau.org\/wp-content\/uploads\/2023\/09\/2023_09_02_echiquier_tourangeau0-1024x682.jpg\" alt=\"\" class=\"wp-image-30250\" srcset=\"https:\/\/www.echiquiertourangeau.org\/wp-content\/uploads\/2023\/09\/2023_09_02_echiquier_tourangeau0-1024x682.jpg 1024w, https:\/\/www.echiquiertourangeau.org\/wp-content\/uploads\/2023\/09\/2023_09_02_echiquier_tourangeau0-400x267.jpg 400w, https:\/\/www.echiquiertourangeau.org\/wp-content\/uploads\/2023\/09\/2023_09_02_echiquier_tourangeau0-768x512.jpg 768w, https:\/\/www.echiquiertourangeau.org\/wp-content\/uploads\/2023\/09\/2023_09_02_echiquier_tourangeau0-1536x1023.jpg 1536w, https:\/\/www.echiquiertourangeau.org\/wp-content\/uploads\/2023\/09\/2023_09_02_echiquier_tourangeau0-450x300.jpg 450w, https:\/\/www.echiquiertourangeau.org\/wp-content\/uploads\/2023\/09\/2023_09_02_echiquier_tourangeau0-375x250.jpg 375w, https:\/\/www.echiquiertourangeau.org\/wp-content\/uploads\/2023\/09\/2023_09_02_echiquier_tourangeau0.jpg 1600w\" sizes=\"auto, (max-width: 1024px) 100vw, 1024px\" \/><figcaption class=\"wp-element-caption\">\u00a9 Fran\u00e7ois Bordarier<\/figcaption><\/figure>\n\n\n\n<figure class=\"wp-block-image size-large\"><img loading=\"lazy\" decoding=\"async\" width=\"1024\" height=\"682\" data-id=\"30236\" src=\"https:\/\/www.echiquiertourangeau.org\/wp-content\/uploads\/2023\/09\/2023_09_02_echiquier_tourangeau17-1024x682.jpg\" alt=\"\" class=\"wp-image-30236\" srcset=\"https:\/\/www.echiquiertourangeau.org\/wp-content\/uploads\/2023\/09\/2023_09_02_echiquier_tourangeau17-1024x682.jpg 1024w, https:\/\/www.echiquiertourangeau.org\/wp-content\/uploads\/2023\/09\/2023_09_02_echiquier_tourangeau17-400x267.jpg 400w, https:\/\/www.echiquiertourangeau.org\/wp-content\/uploads\/2023\/09\/2023_09_02_echiquier_tourangeau17-768x512.jpg 768w, https:\/\/www.echiquiertourangeau.org\/wp-content\/uploads\/2023\/09\/2023_09_02_echiquier_tourangeau17-1536x1023.jpg 1536w, https:\/\/www.echiquiertourangeau.org\/wp-content\/uploads\/2023\/09\/2023_09_02_echiquier_tourangeau17-450x300.jpg 450w, https:\/\/www.echiquiertourangeau.org\/wp-content\/uploads\/2023\/09\/2023_09_02_echiquier_tourangeau17-375x250.jpg 375w, https:\/\/www.echiquiertourangeau.org\/wp-content\/uploads\/2023\/09\/2023_09_02_echiquier_tourangeau17.jpg 1600w\" sizes=\"auto, (max-width: 1024px) 100vw, 1024px\" \/><figcaption class=\"wp-element-caption\">\u00a9 Fran\u00e7ois Bordarier<\/figcaption><\/figure>\n\n\n\n<figure class=\"wp-block-image size-large\"><img loading=\"lazy\" decoding=\"async\" width=\"1024\" height=\"683\" data-id=\"30245\" src=\"https:\/\/www.echiquiertourangeau.org\/wp-content\/uploads\/2023\/09\/2023_09_02_echiquier_tourangeau7-1-1024x683.jpg\" alt=\"\" class=\"wp-image-30245\" srcset=\"https:\/\/www.echiquiertourangeau.org\/wp-content\/uploads\/2023\/09\/2023_09_02_echiquier_tourangeau7-1-1024x683.jpg 1024w, https:\/\/www.echiquiertourangeau.org\/wp-content\/uploads\/2023\/09\/2023_09_02_echiquier_tourangeau7-1-400x267.jpg 400w, https:\/\/www.echiquiertourangeau.org\/wp-content\/uploads\/2023\/09\/2023_09_02_echiquier_tourangeau7-1-768x512.jpg 768w, https:\/\/www.echiquiertourangeau.org\/wp-content\/uploads\/2023\/09\/2023_09_02_echiquier_tourangeau7-1-1536x1024.jpg 1536w, https:\/\/www.echiquiertourangeau.org\/wp-content\/uploads\/2023\/09\/2023_09_02_echiquier_tourangeau7-1-450x300.jpg 450w, https:\/\/www.echiquiertourangeau.org\/wp-content\/uploads\/2023\/09\/2023_09_02_echiquier_tourangeau7-1-375x250.jpg 375w, https:\/\/www.echiquiertourangeau.org\/wp-content\/uploads\/2023\/09\/2023_09_02_echiquier_tourangeau7-1.jpg 1600w\" sizes=\"auto, (max-width: 1024px) 100vw, 1024px\" \/><figcaption class=\"wp-element-caption\">\u00a9 Fran\u00e7ois Bordarier<\/figcaption><\/figure>\n<\/figure>\n","protected":false},"excerpt":{"rendered":"<p>Situ\u00e9 en centre ville, 3 Rue Moli\u00e8re 37000 Tours, l&rsquo;\u00e9chiquier tourangeau poss\u00e8de deux salles r\u00e9serv\u00e9es au club, mises \u00e0 disposition par la ville de Tours.La &hellip;<\/p>\n","protected":false},"author":208,"featured_media":0,"parent":30053,"menu_order":0,"comment_status":"closed","ping_status":"closed","template":"","meta":{"footnotes":""},"class_list":["post-30123","page","type-page","status-publish","hentry"],"_links":{"self":[{"href":"https:\/\/www.echiquiertourangeau.org\/index.php?rest_route=\/wp\/v2\/pages\/30123","targetHints":{"allow":["GET"]}}],"collection":[{"href":"https:\/\/www.echiquiertourangeau.org\/index.php?rest_route=\/wp\/v2\/pages"}],"about":[{"href":"https:\/\/www.echiquiertourangeau.org\/index.php?rest_route=\/wp\/v2\/types\/page"}],"author":[{"embeddable":true,"href":"https:\/\/www.echiquiertourangeau.org\/index.php?rest_route=\/wp\/v2\/users\/208"}],"replies":[{"embeddable":true,"href":"https:\/\/www.echiquiertourangeau.org\/index.php?rest_route=%2Fwp%2Fv2%2Fcomments&post=30123"}],"version-history":[{"count":13,"href":"https:\/\/www.echiquiertourangeau.org\/index.php?rest_route=\/wp\/v2\/pages\/30123\/revisions"}],"predecessor-version":[{"id":30295,"href":"https:\/\/www.echiquiertourangeau.org\/index.php?rest_route=\/wp\/v2\/pages\/30123\/revisions\/30295"}],"up":[{"embeddable":true,"href":"https:\/\/www.echiquiertourangeau.org\/index.php?rest_route=\/wp\/v2\/pages\/30053"}],"wp:attachment":[{"href":"https:\/\/www.echiquiertourangeau.org\/index.php?rest_route=%2Fwp%2Fv2%2Fmedia&parent=30123"}],"curies":[{"name":"wp","href":"https:\/\/api.w.org\/{rel}","templated":true}]}}