{"id":30114,"date":"2023-09-03T21:18:01","date_gmt":"2023-09-03T20:18:01","guid":{"rendered":"https:\/\/www.echiquiertourangeau.org\/?page_id=30114"},"modified":"2025-10-27T22:54:55","modified_gmt":"2025-10-27T21:54:55","slug":"festival-international-dechecs-de-tours","status":"publish","type":"page","link":"https:\/\/www.echiquiertourangeau.org\/?page_id=30114","title":{"rendered":"Festival international d&rsquo;\u00e9checs de Tours"},"content":{"rendered":"\n<p><strong>L&rsquo;\u00e9chiquier tourangeau lance sa 4e \u00e9dition.<br \/>Toujours dans la tr\u00e8s belle salle des f\u00eates de l&rsquo;h\u00f4tel de ville de Tours !<\/strong><\/p>\n\n\n\n<h2 class=\"wp-block-heading\">4<sup>e<\/sup> \u00e9dition : du 26 au 30 d\u00e9c. 2025<\/h2>\n\n\n\n<p>Le Festival 2025 comprend un <strong>Open A ouvert \u00e0 tous<\/strong>, et un <strong>Open B<\/strong> r\u00e9serv\u00e9 aux joueurs ayant un elo <strong>inf\u00e9rieur \u00e0 1600<\/strong> quant \u00e0 lui limit\u00e9 \u00e0 50 inscriptions.<\/p>\n\n\n\n<p><strong>Date : <\/strong>du 26 au 30 d\u00e9c. 2025<br \/><strong>Lieu :<\/strong> Salle des F\u00eates de l&rsquo;H\u00f4tel de Ville, Place Jean Jaur\u00e8s 37000,&nbsp;Tours<br \/><strong>Format :<\/strong> 7 rondes, 1h30 + 30s<\/p>\n\n\n\n<div class=\"wp-block-buttons is-layout-flex wp-block-buttons-is-layout-flex\">\n<div class=\"wp-block-button\"><a class=\"wp-block-button__link wp-element-button\" href=\"https:\/\/echiquier-tourangeau.s2.yapla.com\/fr\/event-94140\">Tournoi [A]<\/a><\/div>\n\n\n\n<div class=\"wp-block-button\"><a class=\"wp-block-button__link wp-element-button\" href=\"https:\/\/echiquier-tourangeau.s2.yapla.com\/fr\/event-94139\">Tournoi [B]<\/a><\/div>\n<\/div>\n\n\n\n<figure class=\"wp-block-image size-large\"><img loading=\"lazy\" decoding=\"async\" width=\"724\" height=\"1024\" src=\"https:\/\/www.echiquiertourangeau.org\/wp-content\/uploads\/2025\/10\/festival_2025-1-1-724x1024.jpg\" alt=\"\" class=\"wp-image-31278\" srcset=\"https:\/\/www.echiquiertourangeau.org\/wp-content\/uploads\/2025\/10\/festival_2025-1-1-724x1024.jpg 724w, https:\/\/www.echiquiertourangeau.org\/wp-content\/uploads\/2025\/10\/festival_2025-1-1-566x800.jpg 566w, https:\/\/www.echiquiertourangeau.org\/wp-content\/uploads\/2025\/10\/festival_2025-1-1-768x1086.jpg 768w, https:\/\/www.echiquiertourangeau.org\/wp-content\/uploads\/2025\/10\/festival_2025-1-1-1086x1536.jpg 1086w, https:\/\/www.echiquiertourangeau.org\/wp-content\/uploads\/2025\/10\/festival_2025-1-1-1448x2048.jpg 1448w, https:\/\/www.echiquiertourangeau.org\/wp-content\/uploads\/2025\/10\/festival_2025-1-1-212x300.jpg 212w, https:\/\/www.echiquiertourangeau.org\/wp-content\/uploads\/2025\/10\/festival_2025-1-1.jpg 1754w\" sizes=\"auto, (max-width: 724px) 100vw, 724px\" \/><\/figure>\n","protected":false},"excerpt":{"rendered":"<p>L&rsquo;\u00e9chiquier tourangeau lance sa 4e \u00e9dition.Toujours dans la tr\u00e8s belle salle des f\u00eates de l&rsquo;h\u00f4tel de ville de Tours ! 4e \u00e9dition : du 26 &hellip;<\/p>\n","protected":false},"author":208,"featured_media":31274,"parent":9,"menu_order":99,"comment_status":"closed","ping_status":"closed","template":"","meta":{"footnotes":""},"class_list":["post-30114","page","type-page","status-publish","has-post-thumbnail","hentry"],"_links":{"self":[{"href":"https:\/\/www.echiquiertourangeau.org\/index.php?rest_route=\/wp\/v2\/pages\/30114","targetHints":{"allow":["GET"]}}],"collection":[{"href":"https:\/\/www.echiquiertourangeau.org\/index.php?rest_route=\/wp\/v2\/pages"}],"about":[{"href":"https:\/\/www.echiquiertourangeau.org\/index.php?rest_route=\/wp\/v2\/types\/page"}],"author":[{"embeddable":true,"href":"https:\/\/www.echiquiertourangeau.org\/index.php?rest_route=\/wp\/v2\/users\/208"}],"replies":[{"embeddable":true,"href":"https:\/\/www.echiquiertourangeau.org\/index.php?rest_route=%2Fwp%2Fv2%2Fcomments&post=30114"}],"version-history":[{"count":23,"href":"https:\/\/www.echiquiertourangeau.org\/index.php?rest_route=\/wp\/v2\/pages\/30114\/revisions"}],"predecessor-version":[{"id":31279,"href":"https:\/\/www.echiquiertourangeau.org\/index.php?rest_route=\/wp\/v2\/pages\/30114\/revisions\/31279"}],"up":[{"embeddable":true,"href":"https:\/\/www.echiquiertourangeau.org\/index.php?rest_route=\/wp\/v2\/pages\/9"}],"wp:featuredmedia":[{"embeddable":true,"href":"https:\/\/www.echiquiertourangeau.org\/index.php?rest_route=\/wp\/v2\/media\/31274"}],"wp:attachment":[{"href":"https:\/\/www.echiquiertourangeau.org\/index.php?rest_route=%2Fwp%2Fv2%2Fmedia&parent=30114"}],"curies":[{"name":"wp","href":"https:\/\/api.w.org\/{rel}","templated":true}]}}