{"id":29610,"date":"2022-09-05T00:04:33","date_gmt":"2022-09-04T23:04:33","guid":{"rendered":"https:\/\/www.echiquiertourangeau.org\/?page_id=29610"},"modified":"2025-08-30T08:40:26","modified_gmt":"2025-08-30T07:40:26","slug":"tournoi-interne-2022-2023","status":"publish","type":"page","link":"https:\/\/www.echiquiertourangeau.org\/?page_id=29610","title":{"rendered":"Tournoi interne"},"content":{"rendered":"\n<p><strong>Chaque ann\u00e9e, le club organise un tournoi interne, comme son nom l\u2019indique, r\u00e9serv\u00e9 \u00e0 ses membres.&nbsp;Ce tournoi est l\u2019occasion id\u00e9ale pour tous les membres de se mesurer les uns aux autres dans un esprit convivial et comp\u00e9titif.<\/strong><\/p>\n\n\n\n<p>Pour participer, nous vous invitons \u00e0 remplir le formulaire d\u2019inscription ci-dessous. Votre inscription nous permettra de bien pr\u00e9parer le d\u00e9roulement du tournoi et d\u2019organiser les rondes de mani\u00e8re fluide.<\/p>\n\n\n\n<p>Merci de compl\u00e9ter le formulaire avant le 30 septembre.<\/p>\n\n\n\n<h2 class=\"wp-block-heading\">Edition 2023\/2024<\/h2>\n\n\n\n<div class=\"wp-block-media-text is-stacked-on-mobile\" style=\"grid-template-columns:25% auto\"><figure class=\"wp-block-media-text__media\"><img loading=\"lazy\" decoding=\"async\" width=\"400\" height=\"400\" src=\"https:\/\/www.echiquiertourangeau.org\/wp-content\/uploads\/2024\/09\/tournoi-interne.jpg\" alt=\"\" class=\"wp-image-30798 size-full\" srcset=\"https:\/\/www.echiquiertourangeau.org\/wp-content\/uploads\/2024\/09\/tournoi-interne.jpg 400w, https:\/\/www.echiquiertourangeau.org\/wp-content\/uploads\/2024\/09\/tournoi-interne-360x360.jpg 360w, https:\/\/www.echiquiertourangeau.org\/wp-content\/uploads\/2024\/09\/tournoi-interne-300x300.jpg 300w\" sizes=\"auto, (max-width: 400px) 100vw, 400px\" \/><\/figure><div class=\"wp-block-media-text__content\">\n<h3 class=\"wp-block-heading\"><strong>Tournoi <\/strong>Interne 2025\/2026<\/h3>\n\n\n\n<p>Inscription avant le 30 septembre !<br \/>R\u00e9serv\u00e9 aux joueuses et joueurs de l&rsquo;\u00e9chiquier tourangeau<\/p>\n\n\n\n<div class=\"wp-block-buttons is-layout-flex wp-block-buttons-is-layout-flex\">\n<div class=\"wp-block-button\"><a class=\"wp-block-button__link wp-element-button\" href=\"https:\/\/echiquier-tourangeau.s2.yapla.com\/fr\/event-90089\">Inscription<\/a><\/div>\n<\/div>\n<\/div><\/div>\n\n\n<figure class=\"wp-block-post-featured-image\"><img loading=\"lazy\" decoding=\"async\" width=\"386\" height=\"300\" src=\"https:\/\/www.echiquiertourangeau.org\/wp-content\/uploads\/2023\/09\/tournoi-interieur-386x300.jpg\" class=\"attachment-post-thumbnail size-post-thumbnail wp-post-image\" alt=\"\" style=\"object-fit:cover;\" srcset=\"https:\/\/www.echiquiertourangeau.org\/wp-content\/uploads\/2023\/09\/tournoi-interieur-386x300.jpg 386w, https:\/\/www.echiquiertourangeau.org\/wp-content\/uploads\/2023\/09\/tournoi-interieur-840x653.jpg 840w, https:\/\/www.echiquiertourangeau.org\/wp-content\/uploads\/2023\/09\/tournoi-interieur-768x597.jpg 768w, https:\/\/www.echiquiertourangeau.org\/wp-content\/uploads\/2023\/09\/tournoi-interieur-1024x796.jpg 1024w, https:\/\/www.echiquiertourangeau.org\/wp-content\/uploads\/2023\/09\/tournoi-interieur-400x311.jpg 400w, https:\/\/www.echiquiertourangeau.org\/wp-content\/uploads\/2023\/09\/tournoi-interieur-300x233.jpg 300w, https:\/\/www.echiquiertourangeau.org\/wp-content\/uploads\/2023\/09\/tournoi-interieur-600x467.jpg 600w, https:\/\/www.echiquiertourangeau.org\/wp-content\/uploads\/2023\/09\/tournoi-interieur.jpg 1080w\" sizes=\"auto, (max-width: 386px) 100vw, 386px\" \/><\/figure>\n\n\n<h2 class=\"wp-block-heading\">\u00c9ditions pr\u00e9c\u00e9dentes<\/h2>\n\n\n\n<h3 class=\"wp-block-heading\">2022\/2023<\/h3>\n\n\n\n<p>1<sup>er<\/sup> DIEU Bruno<br \/>2<sup>nd<\/sup> THIMOGNIER Dominique<br \/>3<sup>e<\/sup> MASSET Jacques<\/p>\n\n\n\n<div class=\"wp-block-file\"><a id=\"wp-block-file--media-004dcca9-9c11-42b1-ad3f-281f7a753562\" href=\"https:\/\/www.echiquiertourangeau.org\/wp-content\/uploads\/2023\/07\/Grille-americaine-apres-la-ronde-5.pdf\">Grille-americaine-apres-la-ronde-5<\/a><a href=\"https:\/\/www.echiquiertourangeau.org\/wp-content\/uploads\/2023\/07\/Grille-americaine-apres-la-ronde-5.pdf\" class=\"wp-block-file__button wp-element-button\" download aria-describedby=\"wp-block-file--media-004dcca9-9c11-42b1-ad3f-281f7a753562\">T\u00e9l\u00e9charger<\/a><\/div>\n","protected":false},"excerpt":{"rendered":"<p>Chaque ann\u00e9e, le club organise un tournoi interne, comme son nom l\u2019indique, r\u00e9serv\u00e9 \u00e0 ses membres.&nbsp;Ce tournoi est l\u2019occasion id\u00e9ale pour tous les membres de &hellip;<\/p>\n","protected":false},"author":207,"featured_media":30094,"parent":9,"menu_order":0,"comment_status":"closed","ping_status":"closed","template":"","meta":{"footnotes":""},"class_list":["post-29610","page","type-page","status-publish","has-post-thumbnail","hentry"],"_links":{"self":[{"href":"https:\/\/www.echiquiertourangeau.org\/index.php?rest_route=\/wp\/v2\/pages\/29610","targetHints":{"allow":["GET"]}}],"collection":[{"href":"https:\/\/www.echiquiertourangeau.org\/index.php?rest_route=\/wp\/v2\/pages"}],"about":[{"href":"https:\/\/www.echiquiertourangeau.org\/index.php?rest_route=\/wp\/v2\/types\/page"}],"author":[{"embeddable":true,"href":"https:\/\/www.echiquiertourangeau.org\/index.php?rest_route=\/wp\/v2\/users\/207"}],"replies":[{"embeddable":true,"href":"https:\/\/www.echiquiertourangeau.org\/index.php?rest_route=%2Fwp%2Fv2%2Fcomments&post=29610"}],"version-history":[{"count":14,"href":"https:\/\/www.echiquiertourangeau.org\/index.php?rest_route=\/wp\/v2\/pages\/29610\/revisions"}],"predecessor-version":[{"id":31103,"href":"https:\/\/www.echiquiertourangeau.org\/index.php?rest_route=\/wp\/v2\/pages\/29610\/revisions\/31103"}],"up":[{"embeddable":true,"href":"https:\/\/www.echiquiertourangeau.org\/index.php?rest_route=\/wp\/v2\/pages\/9"}],"wp:featuredmedia":[{"embeddable":true,"href":"https:\/\/www.echiquiertourangeau.org\/index.php?rest_route=\/wp\/v2\/media\/30094"}],"wp:attachment":[{"href":"https:\/\/www.echiquiertourangeau.org\/index.php?rest_route=%2Fwp%2Fv2%2Fmedia&parent=29610"}],"curies":[{"name":"wp","href":"https:\/\/api.w.org\/{rel}","templated":true}]}}