{"id":29517,"date":"2022-03-28T12:31:55","date_gmt":"2022-03-28T11:31:55","guid":{"rendered":"https:\/\/www.echiquiertourangeau.org\/?page_id=29517"},"modified":"2023-09-03T21:40:36","modified_gmt":"2023-09-03T20:40:36","slug":"le-mot-du-president","status":"publish","type":"page","link":"https:\/\/www.echiquiertourangeau.org\/?page_id=29517","title":{"rendered":"Le mot du pr\u00e9sident"},"content":{"rendered":"\n<p><em>Tout joueur d&rsquo;\u00e9checs confirmera volontiers que le jeu d&rsquo;\u00e9checs, ce merveilleur pr\u00e9sent du Levant, est non seulement le plus noble et le plus beau de tous les jeux, mais procure \u00e9galement les plus grands plaisirs intellectuels, puisqu&rsquo;il se situe \u00e0 la fronti\u00e8re du jeu, de l&rsquo;art et de la science. &#8212; Siegbert Tarrasch.<\/em><\/p>\n\n\n\n<p>Quelle activit\u00e9 autre que le jeu d&rsquo;\u00e9checs peut rassembler dans un m\u00eame lieu, tous ses pratiquants, sans distinction aucune ? Pour ma part, je n&rsquo;en vois pas&#8230;<\/p>\n\n\n\n<p>Tout le monde voit un jour un jeu d&rsquo;\u00e9checs et cette vision produit le plus souvent un attrait irr\u00e9sistible pour le jeu des rois. Toutefois, une fois les r\u00e8gles apprises, peu tentent de pousser la porte d&rsquo;un club d&rsquo;\u00e9checs : trop compliqu\u00e9, trop intellectuel, \u00ab\u00a0ils sont trop forts\u00a0\u00bb, \u00ab\u00a0je n&rsquo;ai pas la patience\u00a0\u00bb, etc. Quel dommage ! Car, comme le disait Savielly Tartakover, \u00ab\u00a0une menace est plus forte que l&rsquo;ex\u00e9cution\u00a0\u00bb, alors ne courez pas au-devant des regrets d&rsquo;avoir renonc\u00e9 \u00e0 jouer au roi des jeux, et venez au club !<\/p>\n\n\n\n<p>Fond\u00e9 en 1906 mais r\u00e9solumment moderne dans son approche des \u00e9checs, l&rsquo;Echiquier Tourangeau vous proposera toute une palette d&rsquo;activit\u00e9s : apprentissage, approfondissement, cours, jeu en loisir ou en comp\u00e9tition et animations diverses. Nous sommes ouverts \u00e0 toutes et \u00e0 tous, nous vous attendons !<\/p>\n\n\n\n<p class=\"has-text-align-right\">Fran\u00e7ois Le Guillou<\/p>\n\n\n\n<p class=\"has-text-align-right\">Pr\u00e9sident de l&rsquo;Echiquier Tourangeau<\/p>\n\n\n\n<figure class=\"wp-block-image size-large\"><img loading=\"lazy\" decoding=\"async\" width=\"450\" height=\"600\" src=\"https:\/\/www.echiquiertourangeau.org\/wp-content\/uploads\/2022\/03\/IMG_20220302_165307835-450x600.jpg\" alt=\"\" class=\"wp-image-29519\" srcset=\"https:\/\/www.echiquiertourangeau.org\/wp-content\/uploads\/2022\/03\/IMG_20220302_165307835-450x600.jpg 450w, https:\/\/www.echiquiertourangeau.org\/wp-content\/uploads\/2022\/03\/IMG_20220302_165307835-300x400.jpg 300w, https:\/\/www.echiquiertourangeau.org\/wp-content\/uploads\/2022\/03\/IMG_20220302_165307835-768x1024.jpg 768w, https:\/\/www.echiquiertourangeau.org\/wp-content\/uploads\/2022\/03\/IMG_20220302_165307835-1152x1536.jpg 1152w, https:\/\/www.echiquiertourangeau.org\/wp-content\/uploads\/2022\/03\/IMG_20220302_165307835-1536x2048.jpg 1536w, https:\/\/www.echiquiertourangeau.org\/wp-content\/uploads\/2022\/03\/IMG_20220302_165307835-225x300.jpg 225w, https:\/\/www.echiquiertourangeau.org\/wp-content\/uploads\/2022\/03\/IMG_20220302_165307835-scaled.jpg 1920w\" sizes=\"auto, (max-width: 450px) 100vw, 450px\" \/><\/figure>\n\n\n\n<p><\/p>\n","protected":false},"excerpt":{"rendered":"<p>Tout joueur d&rsquo;\u00e9checs confirmera volontiers que le jeu d&rsquo;\u00e9checs, ce merveilleur pr\u00e9sent du Levant, est non seulement le plus noble et le plus beau de &hellip;<\/p>\n","protected":false},"author":207,"featured_media":0,"parent":30053,"menu_order":-1,"comment_status":"closed","ping_status":"closed","template":"","meta":{"footnotes":""},"class_list":["post-29517","page","type-page","status-publish","hentry"],"_links":{"self":[{"href":"https:\/\/www.echiquiertourangeau.org\/index.php?rest_route=\/wp\/v2\/pages\/29517","targetHints":{"allow":["GET"]}}],"collection":[{"href":"https:\/\/www.echiquiertourangeau.org\/index.php?rest_route=\/wp\/v2\/pages"}],"about":[{"href":"https:\/\/www.echiquiertourangeau.org\/index.php?rest_route=\/wp\/v2\/types\/page"}],"author":[{"embeddable":true,"href":"https:\/\/www.echiquiertourangeau.org\/index.php?rest_route=\/wp\/v2\/users\/207"}],"replies":[{"embeddable":true,"href":"https:\/\/www.echiquiertourangeau.org\/index.php?rest_route=%2Fwp%2Fv2%2Fcomments&post=29517"}],"version-history":[{"count":6,"href":"https:\/\/www.echiquiertourangeau.org\/index.php?rest_route=\/wp\/v2\/pages\/29517\/revisions"}],"predecessor-version":[{"id":29646,"href":"https:\/\/www.echiquiertourangeau.org\/index.php?rest_route=\/wp\/v2\/pages\/29517\/revisions\/29646"}],"up":[{"embeddable":true,"href":"https:\/\/www.echiquiertourangeau.org\/index.php?rest_route=\/wp\/v2\/pages\/30053"}],"wp:attachment":[{"href":"https:\/\/www.echiquiertourangeau.org\/index.php?rest_route=%2Fwp%2Fv2%2Fmedia&parent=29517"}],"curies":[{"name":"wp","href":"https:\/\/api.w.org\/{rel}","templated":true}]}}