{"id":28676,"date":"2018-09-17T19:49:10","date_gmt":"2018-09-17T18:49:10","guid":{"rendered":"http:\/\/www.echiquiertourangeau.org\/?page_id=28676"},"modified":"2025-09-06T13:17:14","modified_gmt":"2025-09-06T12:17:14","slug":"cours","status":"publish","type":"page","link":"https:\/\/www.echiquiertourangeau.org\/?page_id=28676","title":{"rendered":"Cours et tutorat"},"content":{"rendered":"\n<p><strong>L&rsquo;\u00e9chiquier tourangeau propose plusieurs types de cours collectifs selon public ou niveau.<\/strong><br \/><strong>Pour consulter les tarifs, consultez les <a href=\"https:\/\/www.echiquiertourangeau.org\/?page_id=2\" data-type=\"page\" data-id=\"2\">infos pratiques<\/a>.<br \/><\/strong>Les s\u00e9ances \u00e0 th\u00e8me du jeudi sont ouvertes \u00e0 tout membre du club.<\/p>\n\n\n\n<p><strong>Un cours d&rsquo;essai gratuit est possible, <\/strong>que vous soyez d\u00e9j\u00e0 membre ou non<strong>.<\/strong> Pr\u00e9sentez-vous au club \u00e0 l&rsquo;horaire du cours.<\/p>\n\n\n\n<p><strong>\u2728 <\/strong>\u2728 <strong>NOUVEAU<\/strong> <strong> \u2728 \u2728 <\/strong><br \/><strong>un cours d\u00e9butants, tous les jeudis, est d\u00e9sormais donn\u00e9 par Pierre-Adelin MERCIER !<\/strong><\/p>\n\n\n\n<h2 class=\"wp-block-heading\">Cours collectifs (2025\u20132026)<\/h2>\n\n\n\n<figure class=\"wp-block-table is-style-stripes\"><table class=\"has-fixed-layout\"><tbody><tr><td><strong>Jour de la semaine<\/strong><\/td><td><strong>Horaires<\/strong><\/td><td><strong>Type de cours<\/strong><\/td><td><strong>Prof<\/strong><\/td><\/tr><tr><td>Mardi<\/td><td>18h00\u201319h00<\/td><td>Cours adultes moins de 1600 Elo<\/td><td><strong>Jacques Masset<\/strong><\/td><\/tr><tr><td>Mercredi<\/td><td>14h00\u201315h00<br \/>15h00\u201316h00<br \/>16h00\u201317h00<\/td><td>Cours jeunes d\u00e9butants<br \/>Cours jeunes interm\u00e9diaires<br \/>Cours jeunes Avanc\u00e9<\/td><td><strong>Samy Chapuis<\/strong><\/td><\/tr><tr><td><\/td><td>17h15\u201319h15<\/td><td>Cours jeunes confirm\u00e9s<br \/>pr\u00e9paration aux comp\u00e9titions, analyses de parties, exercices<\/td><td><strong>Jacques Masset<\/strong><\/td><\/tr><tr><td>Jeudi<\/td><td>18h30\u201319h30<\/td><td>Cours adultes d\u00e9butants<\/td><td><strong>Pierre-Adelin MERCIER<\/strong><\/td><\/tr><tr><td><em>certains <\/em>Jeudis<\/td><td>18h30\u201320h00<\/td><td>S\u00e9ance \u00e0 th\u00e8me<br \/>cours dispens\u00e9 par un fort joueur du club<\/td><td>divers intervenants<\/td><\/tr><tr><td>Vendredi<\/td><td>18h30\u201319h30<\/td><td>Cours avanc\u00e9, plus de 1600 Elo<\/td><td><strong>Paul-Adrien Sally<\/strong><\/td><\/tr><\/tbody><\/table><\/figure>\n\n\n\n<h2 class=\"wp-block-heading\">Tutorat<\/h2>\n\n\n<p>Les bin\u00f4mes Tuteur-Tutor\u00e9 se forment entre les joueurs par affinit\u00e9. Le club ne fournit que le cadre g\u00e9n\u00e9ral. Chaque joueur s&rsquo;engage \u00e0 effectuer les deux r\u00f4les (sauf grand d\u00e9butant, qui ne sera que Tutor\u00e9). Le contenu (ouvertures, strat\u00e9gie, tactique, analyse de parties, pr\u00e9paration mentale, etc.) et la forme des contacts (au club, chez l&rsquo;un ou chez l&rsquo;autre, par mail, par t\u00e9l\u00e9phone, etc.) entre les deux joueurs n&rsquo;ont de limites que leur imagination !<\/p>\n\n\n<p><\/p>\n","protected":false},"excerpt":{"rendered":"<p>L&rsquo;\u00e9chiquier tourangeau propose plusieurs types de cours collectifs selon public ou niveau.Pour consulter les tarifs, consultez les infos pratiques.Les s\u00e9ances \u00e0 th\u00e8me du jeudi sont &hellip;<\/p>\n","protected":false},"author":207,"featured_media":0,"parent":0,"menu_order":2,"comment_status":"closed","ping_status":"closed","template":"","meta":{"footnotes":""},"class_list":["post-28676","page","type-page","status-publish","hentry"],"_links":{"self":[{"href":"https:\/\/www.echiquiertourangeau.org\/index.php?rest_route=\/wp\/v2\/pages\/28676","targetHints":{"allow":["GET"]}}],"collection":[{"href":"https:\/\/www.echiquiertourangeau.org\/index.php?rest_route=\/wp\/v2\/pages"}],"about":[{"href":"https:\/\/www.echiquiertourangeau.org\/index.php?rest_route=\/wp\/v2\/types\/page"}],"author":[{"embeddable":true,"href":"https:\/\/www.echiquiertourangeau.org\/index.php?rest_route=\/wp\/v2\/users\/207"}],"replies":[{"embeddable":true,"href":"https:\/\/www.echiquiertourangeau.org\/index.php?rest_route=%2Fwp%2Fv2%2Fcomments&post=28676"}],"version-history":[{"count":41,"href":"https:\/\/www.echiquiertourangeau.org\/index.php?rest_route=\/wp\/v2\/pages\/28676\/revisions"}],"predecessor-version":[{"id":31165,"href":"https:\/\/www.echiquiertourangeau.org\/index.php?rest_route=\/wp\/v2\/pages\/28676\/revisions\/31165"}],"wp:attachment":[{"href":"https:\/\/www.echiquiertourangeau.org\/index.php?rest_route=%2Fwp%2Fv2%2Fmedia&parent=28676"}],"curies":[{"name":"wp","href":"https:\/\/api.w.org\/{rel}","templated":true}]}}