{"id":2,"date":"2010-02-09T18:45:06","date_gmt":"2010-02-09T17:45:06","guid":{"rendered":"http:\/\/www.echiquiertourangeau.org\/?page_id=2"},"modified":"2026-02-09T13:14:56","modified_gmt":"2026-02-09T12:14:56","slug":"a-propos","status":"publish","type":"page","link":"https:\/\/www.echiquiertourangeau.org\/?page_id=2","title":{"rendered":"Infos pratiques"},"content":{"rendered":"\n<h2 class=\"wp-block-heading\">Adresse &amp; contact<\/h2>\n\n\n\n<p>Echiquier Tourangeau,<br \/>3, rue Moli\u00e8re<br \/>37000 TOURS<br \/>\u2015<br \/><strong>Attention !<\/strong> l&rsquo;entr\u00e9e du club ne se situe pas au niveau de l&rsquo;entr\u00e9e de l&rsquo;\u00e9cole Moli\u00e8re, mais plus bas dans la rue, au croisement de la rue Moli\u00e8re et de la rue Rue Victor Luzarche (sur la gauche, si face au portail de l&rsquo;\u00e9cole).<br \/><br \/>T\u00e9l. : 02 47 66 24 80<br \/>E-mail : <a href=\"mailto:echiquier.tourangeau@gmail.com\">echiquier.tourangeau@gmail.com<\/a><\/p>\n\n\n\n<h2 class=\"wp-block-heading\"><strong>Horaires 2025\/2026<\/strong><\/h2>\n\n\n\n<p>\u26a0\ufe0f\u26a0\ufe0f <strong>A partir du 1er janvier 2026 nouvel horaire pour les lundis : 14 h &#8211; 17 h.<\/strong><\/p>\n\n\n\n<figure class=\"wp-block-table is-style-stripes\"><table><tbody><tr><td><strong>jour<\/strong><\/td><td><strong>ouverture<\/strong><\/td><td><strong>fermeture<\/strong><\/td><\/tr><tr><td>lundi<\/td><td>14h00<\/td><td>17h00<\/td><\/tr><tr><td>mardi<\/td><td>17h00<\/td><td>19h00<\/td><\/tr><tr><td>mercredi<\/td><td>17h00<\/td><td>19h00<\/td><\/tr><tr><td>jeudi<\/td><td>17h00<\/td><td>19h00<\/td><\/tr><tr><td>vendredi<\/td><td>18h30<\/td><td>20h30<\/td><\/tr><tr><td>samedi<\/td><td>14h00<\/td><td>19h00<\/td><\/tr><\/tbody><\/table><\/figure>\n\n\n\n<p>\u26a0\ufe0f <strong>Attention, le club ferme ses portes pendant les vacances scolaires. Il reste ouvert jusqu&rsquo;au samedi pr\u00e9c\u00e9dent chaque vacances.<\/strong><\/p>\n\n\n\n<h2 class=\"wp-block-heading\">Adh\u00e9sion en ligne<\/h2>\n\n\n\n<p><strong>L&rsquo;adh\u00e9sion en ligne est possible via le site HelloAsso, merci de la privil\u00e9gier si possible.<br \/><\/strong>\u2015<br \/><strong>Note :<\/strong> Helloasso est une entreprise qui se finance uniquement sur les dons de ces utilisateurs. Vous pouvez toutefois d\u00e9sactiver la participation en fin de formulaire.<\/p>\n\n\n\n<div class=\"wp-block-buttons is-layout-flex wp-block-buttons-is-layout-flex\">\n<div class=\"wp-block-button\"><a class=\"wp-block-button__link wp-element-button\" href=\"https:\/\/www.helloasso.com\/associations\/echiquier-tourangeau\">\u2192 Adh\u00e9sion via HelloAsso<\/a><\/div>\n<\/div>\n\n\n\n<h2 class=\"wp-block-heading\">Adh\u00e9sion format papier<\/h2>\n\n\n\n<div class=\"wp-block-buttons is-layout-flex wp-block-buttons-is-layout-flex\">\n<div class=\"wp-block-button\"><a class=\"wp-block-button__link wp-element-button\" href=\"https:\/\/www.echiquiertourangeau.org\/wp-content\/uploads\/2025\/09\/Fiche-cotisations-25-26.pdf\">\u2192 Tarifs 2025\/2026<\/a><\/div>\n\n\n\n<div class=\"wp-block-button\"><a class=\"wp-block-button__link wp-element-button\" href=\"https:\/\/www.echiquiertourangeau.org\/wp-content\/uploads\/2025\/08\/Fiche-inscription-2025_2026.pdf\">\u2192 Fiche d&rsquo;inscription 2025\/2026<\/a><\/div>\n<\/div>\n\n\n\n<h3 class=\"wp-block-heading\"><strong>La personne qui vient s&rsquo;inscrire au club doit<\/strong><\/h3>\n\n\n\n<ul class=\"wp-block-list\">\n<li>Adh\u00e9rer en ligne <strong>[ OU ] <\/strong>remplir la Fiche d&rsquo;inscription papier lisiblement<\/li>\n\n\n\n<li>lire et remplir le questionnaire de sant\u00e9, sans le remettre au club (ce document sert \u00e0 guider la d\u00e9cision du point qui va suivre)\n<ul class=\"wp-block-list\">\n<li><a href=\"https:\/\/www.echiquiertourangeau.org\/wp-content\/uploads\/2022\/09\/questionnaire_mineur.pdf\" data-type=\"URL\" data-id=\"https:\/\/www.echiquiertourangeau.org\/wp-content\/uploads\/2022\/09\/questionnaire_mineur.pdf\">Questionnaire de sant\u00e9, joueur mineur<\/a><\/li>\n\n\n\n<li><a href=\"https:\/\/www.echiquiertourangeau.org\/wp-content\/uploads\/2022\/09\/questionnaire_majeur.pdf\" data-type=\"URL\" data-id=\"https:\/\/www.echiquiertourangeau.org\/wp-content\/uploads\/2022\/09\/questionnaire_majeur.pdf\">Questionnaire de sant\u00e9, joueur majeur<\/a><\/li>\n<\/ul>\n<\/li>\n\n\n\n<li><strong>Si toutes les r\u00e9ponses sont n\u00e9gatives :<\/strong><br \/>Fournir au club l&rsquo;<a href=\"https:\/\/www.echiquiertourangeau.org\/wp-content\/uploads\/2022\/09\/attestation_negative.pdf\" data-type=\"URL\" data-id=\"https:\/\/www.echiquiertourangeau.org\/wp-content\/uploads\/2022\/09\/attestation_negative.pdf\">Attestation de r\u00e9ponses n\u00e9gatives au questionnaire de sant\u00e9<\/a> en cas d&rsquo;inscription papier<\/li>\n\n\n\n<li><strong>Si une ou plusieurs r\u00e9ponses sont positives<\/strong> :<br \/>Fournir au club un certificat m\u00e9dical de non contre-indication de la pratique des \u00e9checs, r\u00e9cent.<\/li>\n\n\n\n<li><strong>joindre son paiement<\/strong> dans le cas d&rsquo;une adh\u00e9sion papier : ch\u00e8que (de pr\u00e9f\u00e9rence) ou esp\u00e8ces<\/li>\n<\/ul>\n\n\n\n<h2 class=\"wp-block-heading\">Je suis int\u00e9ress\u00e9\u2022e par des cours collectifs<\/h2>\n\n\n\n<p><strong>Un cours d&rsquo;essai gratuit est possible<\/strong>, que vous soyez d\u00e9j\u00e0 membre ou non. Pr\u00e9sentez-vous simplement au club \u00e0 l&rsquo;horaire du cours.<br \/>Notez qu&rsquo;il vous faudra ensuite adh\u00e9rer au club pour pouvoir acc\u00e9der aux cours collectifs.<\/p>\n\n\n\n<h2 class=\"wp-block-heading\"><strong>Divers documents \u00e0 t\u00e9l\u00e9charger<\/strong><\/h2>\n\n\n\n<ul class=\"wp-block-list\">\n<li><a href=\"https:\/\/www.echiquiertourangeau.org\/wp-content\/uploads\/2025\/10\/fiche-frais-de-deplacement-2025-2026.doc\">Fiche frais de d\u00e9placement (derni\u00e8re mise \u00e0 jour : 2025-2026)<\/a><\/li>\n\n\n\n<li><a href=\"https:\/\/www.echiquiertourangeau.org\/wp-content\/uploads\/2010\/11\/Bon-pour-pouvoir.pdf\">Bon-pour-pouvoir (d&rsquo;Assembl\u00e9e G\u00e9n\u00e9rale)<\/a><\/li>\n<\/ul>\n\n\n\n<h2 class=\"wp-block-heading\"><strong>Organigramme<\/strong><\/h2>\n\n\n\n<figure class=\"wp-block-table is-style-stripes\"><table><tbody><tr><td><strong>Pr\u00e9sident<\/strong><\/td><td>Fran\u00e7ois LE GUILLOU<\/td><td><p><a href=\"mailto:francois.leguillou@neuf.fr\">francois.leguillou@neuf.fr<\/a><\/p><\/td><\/tr><tr><td><strong>Vice-Pr\u00e9sident<\/strong><\/td><td>Jean-Baptiste DE LANFRANCHI<\/td><td><a href=\"mailto:jbdelanfranchi@gmail.com\">jbdelanfranchi@gmail.com<\/a><\/td><\/tr><tr><td><strong>Secr\u00e9taire<\/strong><\/td><td>S\u00e9bastien BILLARD<\/td><td><\/td><\/tr><tr><td><strong>Secr\u00e9taire-adjoint<\/strong><\/td><td>Luc ROUSSEAU<\/td><td><a href=\"mailto:luc_rousseau@hotmail.com\">luc_rousseau@hotmail.com<\/a><\/td><\/tr><tr><td><strong>Tr\u00e9sorier<\/strong><\/td><td>Michel Allard<\/td><td><a href=\"mailto:trithemiusnd@gmail.com\">trithemiusnd@gmail.com<\/a><\/td><\/tr><tr><td><strong>Tr\u00e9sorier adjoint<\/strong><\/td><td>Jocelyn MARINIER<\/td><td><a href=\"mailto:jocealix@hotmail.fr\">jocealix@hotmail.fr<\/a><\/td><\/tr><tr><td><strong>Autres membres<\/strong><br \/><strong>du Comit\u00e9 Directeur<\/strong><\/td><td>Ga\u00ebtan JAGOREL<br \/>Fran\u00e7ois BORDARIER<br \/>Jonathan OHEIX<br \/>S\u00e9bastien COLOMB<\/td><td><\/td><\/tr><tr><td><strong>Animateurs<\/strong><\/td><td>Jacques MASSET<br \/>Paul-Adrien SALLY<br \/>Samy CHAPUIS<br \/>Pierre-Adelin MERCIER<\/td><td>&nbsp;<\/td><\/tr><tr><td><strong>Arbitres<\/strong><\/td><td>Jean\u2011No\u00ebl GRATEAU<br \/>Fran\u00e7ois LE GUILLOU<br \/>Sylvain CHENEVAT<\/td><td>&nbsp;<\/td><\/tr><tr><td><strong>Service civique<\/strong><\/td><td>Lilian Mathon<\/td><td>\u2014<\/td><\/tr><\/tbody><\/table><\/figure>\n\n\n\n<h2 class=\"wp-block-heading\"><strong>Liens utiles vers le site de la FFE<\/strong><\/h2>\n\n\n\n<ul class=\"wp-block-list\">\n<li><a title=\"fiche du club\" href=\"http:\/\/www.echecs.asso.fr\/FicheClub.aspx?Ref=497\">Fiche du club<\/a><\/li>\n\n\n\n<li><a href=\"http:\/\/www.echecs.asso.fr\/ListeJoueurs.aspx?Action=JOUEURCLUBREF&amp;ClubRef=497\">Membres du club, ordre alphab\u00e9tique<\/a><\/li>\n\n\n\n<li><a href=\"http:\/\/www.echecs.asso.fr\/ListeJoueurs.aspx?Action=JOUEURCLUBREF&amp;JrTri=Elo&amp;ClubRef=497\">Membres du club, ordre du classement Elo<\/a><\/li>\n\n\n\n<li><a href=\"http:\/\/www.echecs.asso.fr\/ListeEquipes.aspx?ClubRef=497\">R\u00e9sultats des \u00e9quipes align\u00e9es par le club<\/a><\/li>\n<\/ul>\n\n\n\n<p><\/p>\n","protected":false},"excerpt":{"rendered":"<p>Adresse &amp; contact Echiquier Tourangeau,3, rue Moli\u00e8re37000 TOURS\u2015Attention ! l&rsquo;entr\u00e9e du club ne se situe pas au niveau de l&rsquo;entr\u00e9e de l&rsquo;\u00e9cole Moli\u00e8re, mais plus &hellip;<\/p>\n","protected":false},"author":207,"featured_media":0,"parent":0,"menu_order":999,"comment_status":"closed","ping_status":"open","template":"","meta":{"footnotes":""},"class_list":["post-2","page","type-page","status-publish","hentry"],"_links":{"self":[{"href":"https:\/\/www.echiquiertourangeau.org\/index.php?rest_route=\/wp\/v2\/pages\/2","targetHints":{"allow":["GET"]}}],"collection":[{"href":"https:\/\/www.echiquiertourangeau.org\/index.php?rest_route=\/wp\/v2\/pages"}],"about":[{"href":"https:\/\/www.echiquiertourangeau.org\/index.php?rest_route=\/wp\/v2\/types\/page"}],"author":[{"embeddable":true,"href":"https:\/\/www.echiquiertourangeau.org\/index.php?rest_route=\/wp\/v2\/users\/207"}],"replies":[{"embeddable":true,"href":"https:\/\/www.echiquiertourangeau.org\/index.php?rest_route=%2Fwp%2Fv2%2Fcomments&post=2"}],"version-history":[{"count":160,"href":"https:\/\/www.echiquiertourangeau.org\/index.php?rest_route=\/wp\/v2\/pages\/2\/revisions"}],"predecessor-version":[{"id":31317,"href":"https:\/\/www.echiquiertourangeau.org\/index.php?rest_route=\/wp\/v2\/pages\/2\/revisions\/31317"}],"wp:attachment":[{"href":"https:\/\/www.echiquiertourangeau.org\/index.php?rest_route=%2Fwp%2Fv2%2Fmedia&parent=2"}],"curies":[{"name":"wp","href":"https:\/\/api.w.org\/{rel}","templated":true}]}}